{"id":2,"date":"2016-04-30T17:35:41","date_gmt":"2016-04-30T16:35:41","guid":{"rendered":"http:\/\/ngconsultant.fr\/?page_id=2"},"modified":"2016-04-30T18:27:06","modified_gmt":"2016-04-30T17:27:06","slug":"page-d-exemple","status":"publish","type":"page","link":"https:\/\/ngconsultant.fr\/?page_id=2","title":{"rendered":"Site en cours de construction"},"content":{"rendered":"<p>Bonjour,<\/p>\n<p>D\u00e9sol\u00e9 mais le site est en cours de construction.<\/p>\n<p>Je propose du conseil en gestion ainsi que des formations sur la gestion de projets pour les PME.<\/p>\n<p>Vous pouvez me contacter par mail \u00e0 l&rsquo;adresse suivante : ng(at)ngconsultant.fr.<\/p>\n<p>A tr\u00e9s bient\u00f4t<\/p>\n","protected":false},"excerpt":{"rendered":"<p>Bonjour, D\u00e9sol\u00e9 mais le site est en cours de construction. Je propose du conseil en gestion ainsi que des formations sur la gestion de projets pour les PME. Vous pouvez me contacter par mail \u00e0 l&rsquo;adresse suivante : ng(at)ngconsultant.fr. A tr\u00e9s bient\u00f4t<\/p>\n","protected":false},"author":1,"featured_media":0,"parent":0,"menu_order":0,"comment_status":"closed","ping_status":"open","template":"","meta":{"footnotes":""},"_links":{"self":[{"href":"https:\/\/ngconsultant.fr\/index.php?rest_route=\/wp\/v2\/pages\/2"}],"collection":[{"href":"https:\/\/ngconsultant.fr\/index.php?rest_route=\/wp\/v2\/pages"}],"about":[{"href":"https:\/\/ngconsultant.fr\/index.php?rest_route=\/wp\/v2\/types\/page"}],"author":[{"embeddable":true,"href":"https:\/\/ngconsultant.fr\/index.php?rest_route=\/wp\/v2\/users\/1"}],"replies":[{"embeddable":true,"href":"https:\/\/ngconsultant.fr\/index.php?rest_route=%2Fwp%2Fv2%2Fcomments&post=2"}],"version-history":[{"count":2,"href":"https:\/\/ngconsultant.fr\/index.php?rest_route=\/wp\/v2\/pages\/2\/revisions"}],"predecessor-version":[{"id":5,"href":"https:\/\/ngconsultant.fr\/index.php?rest_route=\/wp\/v2\/pages\/2\/revisions\/5"}],"wp:attachment":[{"href":"https:\/\/ngconsultant.fr\/index.php?rest_route=%2Fwp%2Fv2%2Fmedia&parent=2"}],"curies":[{"name":"wp","href":"https:\/\/api.w.org\/{rel}","templated":true}]}}